{"id":7,"date":"2011-11-16T12:09:29","date_gmt":"2011-11-16T12:09:29","guid":{"rendered":"http:\/\/www.acupunturaveterinaria.es\/?page_id=7"},"modified":"2014-02-10T18:02:46","modified_gmt":"2014-02-10T18:02:46","slug":"caso-clinicos","status":"publish","type":"page","link":"https:\/\/www.acupunturaveterinaria.es\/?page_id=7","title":{"rendered":"Casos"},"content":{"rendered":"<p><strong>Caso \u00ba1:<\/strong> Un gran dan\u00e9s de 6 a\u00f1os ten\u00eda un frecuente dolor al orinar por casi dos a\u00f1os y a pesar de numerosos medicamentos y bater\u00edas de pruebas el problema persist\u00eda. Se trataba de una condici\u00f3n dada por la acumulaci\u00f3n de humedad en las v\u00edas urinarias. Despu\u00e9s de seis tratamientos de acupuntura consecutivos, se solucion\u00f3 esta condici\u00f3n, sin ning\u00fan tipo de s\u00edntomas y el cachorro ahora es libre y disfruta de una vida normal.<\/p>\n<p><strong>Caso \u00ba2:<\/strong> Un perro pastor alem\u00e1n adulto, de 6 a\u00f1os de edad ten\u00eda graves dificultades para orinar y defecar durante 3 a\u00f1os, debido a la espondilosis y la descalcificaci\u00f3n de la zona lumbar inferior. Despu\u00e9s del tercer tratamiento, el perro era capaz de orinar y defecar casi normalmente, y virtualmente qued\u00f3 libre de s\u00edntomas despu\u00e9s de un mes de tratamientos semanales. El tratamiento de la acupuntura vigorizado pudo conseguir solucionar este problema.<\/p>\n<p style=\"text-align: left;\"><strong>Caso \u00ba3:<\/strong> Pitufo: Tetraplejia aguda<\/p>\n<p>&nbsp;<\/p>\n<p><a href=\"http:\/\/www.acupunturaveterinaria.es\/wp-content\/uploads\/2011\/11\/Finales-Noviembre11a.jpg\"><img loading=\"lazy\" decoding=\"async\" class=\"size-medium wp-image-399 alignright\" title=\"Pitufo\" src=\"http:\/\/www.acupunturaveterinaria.es\/wp-content\/uploads\/2011\/11\/Finales-Noviembre11a-225x300.jpg\" alt=\"Acupuntura veterinaria\" width=\"225\" height=\"300\" srcset=\"https:\/\/www.acupunturaveterinaria.es\/wp-content\/uploads\/2011\/11\/Finales-Noviembre11a-225x300.jpg 225w, https:\/\/www.acupunturaveterinaria.es\/wp-content\/uploads\/2011\/11\/Finales-Noviembre11a-768x1024.jpg 768w, https:\/\/www.acupunturaveterinaria.es\/wp-content\/uploads\/2011\/11\/Finales-Noviembre11a.jpg 972w\" sizes=\"auto, (max-width: 225px) 100vw, 225px\" \/><\/a><a href=\"http:\/\/www.acupunturaveterinaria.es\/wp-content\/uploads\/2011\/11\/Noviembre11a.jpg\"><img loading=\"lazy\" decoding=\"async\" class=\"alignleft size-medium wp-image-400\" title=\"Pitufo\" src=\"http:\/\/www.acupunturaveterinaria.es\/wp-content\/uploads\/2011\/11\/Noviembre11a-300x225.jpg\" alt=\"\" width=\"300\" height=\"225\" srcset=\"https:\/\/www.acupunturaveterinaria.es\/wp-content\/uploads\/2011\/11\/Noviembre11a-300x225.jpg 300w, https:\/\/www.acupunturaveterinaria.es\/wp-content\/uploads\/2011\/11\/Noviembre11a-1024x768.jpg 1024w, https:\/\/www.acupunturaveterinaria.es\/wp-content\/uploads\/2011\/11\/Noviembre11a.jpg 1296w\" sizes=\"auto, (max-width: 300px) 100vw, 300px\" \/><\/a><\/p>\n<p>&nbsp;<\/p>\n<p style=\"text-align: left;\"><strong><\/strong>Pitufo fue atacado por un perro cuando ten\u00eda dos meses ,tras el accidente qued\u00f3 tumbado sobre uno de sus lados sin realizar movimiento alguno con sus patas,fue atendido en urgencias donde se le hicieron placas ,anal\u00edticas,la radiograf\u00eda de columna no mostraba lesiones claras,la anal\u00edtica dio gl\u00f3bulos rojos bajos,plaquetas altas y los neutr\u00f3filos en el limite superior;fue tratado con Flagyl (Metronidazol) y Metacam( Meloxicam NSAID),las due\u00f1as no pudieron afrontar una resonancia ,vi al gatito cinco d\u00edas despu\u00e9s,el examen neurol\u00f3gico mostr\u00f3 que no exist\u00edan problemas en los pares craneales,la lesi\u00f3n\u00a0 lesiones estaban por debajo del foramen magnum ,los\u00a0 reflejos espinales estaban disminuidos o ausentes especialmente en el miembro delantero izquierdo\u00a0 donde el dolor profundo estaba ausente sospechamos lesi\u00f3n del plexo braquial,no as\u00ed en los otros miembros donde esta presente o disminuido,el reflejo anal y de la cola estaban bien.<\/p>\n<p>El examen desde el punto de vista de la medicina china es<\/p>\n<p style=\"text-align: left;\">Shen : \u201cel esp\u00edritu\u201d es bueno esta atento aunque solo mueva la cabeza tiene apetito, vocaliza ,esto mejora el pron\u00f3stico<\/p>\n<p style=\"text-align: left;\">Lengua hacia morada<\/p>\n<p style=\"text-align: left;\">Pulso r\u00e1pido<\/p>\n<p style=\"text-align: left;\">La temperatura de las orejitas del cuerpo es normal<\/p>\n<p style=\"text-align: left;\">Diagnostico :Estancamiento de Qi y Sangre en la m\u00e9dula espinal<\/p>\n<p>Tratamiento<\/p>\n<p>El primer tratamiento fue con aguja seca (0.16*6,5mm and 0,16* 12mm ) por ser el primero\u00a0 con puntos de Vaso Governador: GV 20 Bai Hui and ,IG 4 HI 3,Liu-Fen.Empezo con una formula herbal Double P II de Jing-tang Herbal by Dr Xie durante 1 mes,.El Segundo tratamiento en la misma semana fue con electro acupuntura,continuando con esta frecuencia de tratamientos\u00a0 por un mes<\/p>\n<p>Evolucionaba intent\u00e1ndose incorporar con movimientos de los miembros,aunque se evidenci\u00f3 claramente paralysis radial en el miembro delantero izquierdo.Continuamos los tratamientos haciendo hincapi\u00e9 en a par\u00e1lisis del nervio radial con la electro-acupuntura,el gatito anduvo perfecta mente al mes,lleva una vida normal lo tratamos una vez al mes para ayudar a que no desarrolle desequilibrios , esta sin dolores conviviendo con su par\u00e1lisis radial.Ahora empezamos tambi\u00e9n con quiropractica<\/p>\n<p style=\"text-align: left;\"><a href=\"http:\/\/www.acupunturaveterinaria.es\/wp-content\/uploads\/2011\/11\/Diciembre11a1.jpg\"><img loading=\"lazy\" decoding=\"async\" class=\"size-medium wp-image-401 aligncenter\" title=\"Pitufo\" src=\"http:\/\/www.acupunturaveterinaria.es\/wp-content\/uploads\/2011\/11\/Diciembre11a1-300x225.jpg\" alt=\"\" width=\"300\" height=\"225\" srcset=\"https:\/\/www.acupunturaveterinaria.es\/wp-content\/uploads\/2011\/11\/Diciembre11a1-300x225.jpg 300w, https:\/\/www.acupunturaveterinaria.es\/wp-content\/uploads\/2011\/11\/Diciembre11a1-1024x768.jpg 1024w, https:\/\/www.acupunturaveterinaria.es\/wp-content\/uploads\/2011\/11\/Diciembre11a1.jpg 1296w\" sizes=\"auto, (max-width: 300px) 100vw, 300px\" \/><\/a><\/p>\n<p><strong>Caso \u00ba4:<\/strong>Thor \u00a0es collie macho que fue adoptado a los 6a\u00f1os naci\u00f3 con una<\/p>\n<p>alteraci\u00f3n cong\u00e9nita el S\u00edndrome de ectasia Escleral, su nueva<br \/>\npropietaria lo llevo al oftalm\u00f3logo veterinario que diagnostica<br \/>\ncoloboma en ambos ojos; en el ojo derecho se ve desprendimiento en la<br \/>\nparte dorsal de la retina; se plantea retinopexia del ojo izquierdo<br \/>\npara asegurar la visi\u00f3n por este ojo si la hipopigmentaci\u00f3n de la retina y coroides es suficiente.<\/p>\n<p><a href=\"http:\/\/www.acupunturaveterinaria.es\/wp-content\/uploads\/2011\/11\/Thor.jpg\"><img loading=\"lazy\" decoding=\"async\" class=\"size-medium wp-image-435 alignleft\" title=\"Thor\" src=\"http:\/\/www.acupunturaveterinaria.es\/wp-content\/uploads\/2011\/11\/Thor-300x225.jpg\" alt=\"\" width=\"300\" height=\"225\" srcset=\"https:\/\/www.acupunturaveterinaria.es\/wp-content\/uploads\/2011\/11\/Thor-300x225.jpg 300w, https:\/\/www.acupunturaveterinaria.es\/wp-content\/uploads\/2011\/11\/Thor-1024x768.jpg 1024w\" sizes=\"auto, (max-width: 300px) 100vw, 300px\" \/><\/a><\/p>\n<p>La due\u00f1a quiere que mejore la conjuntivitis en ambos ojos a pesar del<br \/>\ntratamiento continuo con \u00a0colirios y pomadas oftalmol\u00f3gicas y parar el<br \/>\nprogreso de la enfermedad y si es posible mejorar la visi\u00f3n ya que a<br \/>\nveces choca se accidenta.<\/p>\n<p>Historial Problemas en el hombro izquierdo, otitis, problemas digestivos<br \/>\nposible IBD enfermedad inflamatoria intestinal, enzimas hep\u00e1ticas<br \/>\nelevadas. Evalu\u00e9 para hacer el diagnostico chino veo su constituci\u00f3n<br \/>\ntierra-agua se bloquea con los fuegos artificiales y cuando se<br \/>\nestresa, empeorando sus problemas de visi\u00f3n, pulso fino m\u00e1s d\u00e9bil a la<br \/>\nizquierda tenso en la posici\u00f3n media, lengua rosa oscuro m\u00e1s marcado en<br \/>\nlos lados, capa fina,\u00a0 l\u00edneas horizontales a los lados, caspa<br \/>\npeque\u00f1ita, buen apetito, la secreci\u00f3n ocular es<br \/>\nroja-marr\u00f3n&#8230;Finalmente diagnostico deficiencia jing y yin de ri\u00f1\u00f3n que<br \/>\nlleva a deficiencia yin de H\u00edgado estancamiento del Qi del H\u00edgado y<br \/>\nsubida del Yang. Perturbaci\u00f3n del Shen por el estancamiento de h\u00edgado<br \/>\nque se transforma en fuego que consume el yin del coraz\u00f3n. Se le trata<br \/>\ncon \u00a0distintas sesiones con acupuntura alternando: puntos locales V1,2<br \/>\n;VB1,ES1,2,distalesVB37;V62;H2 ,balance ES 36,IG11,para el patr\u00f3n B6<br \/>\n;R7;C7;digestivo IG11,PU7,VB34,ES3,,Acuapuntura Vit B12 en AN-Shen ..<\/p>\n<p>Fitoterapia Yi Guan Jian \u00a0para problemas cr\u00f3nicos en ojos y enzimas<br \/>\nhep\u00e1ticas elevadas y Shen Calmer para calmar su Shen( Dr. Xie&#8217;s<br \/>\nJing-tang Herbal)<\/p>\n<p>Homeopat\u00eda Eufrasia Officinalis\u00a0 5CH.Detoxificaci\u00f3n de h\u00edgado y ri\u00f1\u00f3n Heel<\/p>\n<p>A Thor le mejoraban mucho los ojos tras el tratamiento as\u00ed como su<br \/>\nestr\u00e9s era un excelente paciente al que la acupuntura ayudaba evidentemente.<\/p>\n<p>&nbsp;<\/p>\n","protected":false},"excerpt":{"rendered":"<p>Caso \u00ba1: Un gran dan\u00e9s de 6 a\u00f1os ten\u00eda un frecuente dolor al orinar por casi dos a\u00f1os y a pesar de numerosos medicamentos y bater\u00edas de pruebas el problema persist\u00eda. Se trataba de una condici\u00f3n dada por la acumulaci\u00f3n de humedad en las v\u00edas urinarias. Despu\u00e9s de seis tratamientos de acupuntura consecutivos, se solucion\u00f3&nbsp;<a href=\"https:\/\/www.acupunturaveterinaria.es\/?page_id=7\" class=\"read-more\">Continue Reading<\/a><\/p>\n","protected":false},"author":1,"featured_media":0,"parent":0,"menu_order":0,"comment_status":"open","ping_status":"open","template":"","meta":{"footnotes":""},"class_list":["post-7","page","type-page","status-publish","hentry"],"_links":{"self":[{"href":"https:\/\/www.acupunturaveterinaria.es\/index.php?rest_route=\/wp\/v2\/pages\/7","targetHints":{"allow":["GET"]}}],"collection":[{"href":"https:\/\/www.acupunturaveterinaria.es\/index.php?rest_route=\/wp\/v2\/pages"}],"about":[{"href":"https:\/\/www.acupunturaveterinaria.es\/index.php?rest_route=\/wp\/v2\/types\/page"}],"author":[{"embeddable":true,"href":"https:\/\/www.acupunturaveterinaria.es\/index.php?rest_route=\/wp\/v2\/users\/1"}],"replies":[{"embeddable":true,"href":"https:\/\/www.acupunturaveterinaria.es\/index.php?rest_route=%2Fwp%2Fv2%2Fcomments&post=7"}],"version-history":[{"count":14,"href":"https:\/\/www.acupunturaveterinaria.es\/index.php?rest_route=\/wp\/v2\/pages\/7\/revisions"}],"predecessor-version":[{"id":386,"href":"https:\/\/www.acupunturaveterinaria.es\/index.php?rest_route=\/wp\/v2\/pages\/7\/revisions\/386"}],"wp:attachment":[{"href":"https:\/\/www.acupunturaveterinaria.es\/index.php?rest_route=%2Fwp%2Fv2%2Fmedia&parent=7"}],"curies":[{"name":"wp","href":"https:\/\/api.w.org\/{rel}","templated":true}]}}