{"id":2,"date":"2011-11-16T12:02:16","date_gmt":"2011-11-16T12:02:16","guid":{"rendered":"http:\/\/www.acupunturaveterinaria.es\/?page_id=2"},"modified":"2015-02-16T17:01:19","modified_gmt":"2015-02-16T17:01:19","slug":"pagina-ejemplo","status":"publish","type":"page","link":"https:\/\/www.acupunturaveterinaria.es\/","title":{"rendered":"Inicio"},"content":{"rendered":"<div style=\"width: 100%; float: left; position: relative;\">\n<div style=\"width: 46%; float: left; position: relative; margin-right: 10px;\">\n<p style=\"text-align: justify;\"><a href=\"http:\/\/www.acupunturaveterinaria.es\/wp-content\/uploads\/2011\/11\/caballos_reducido21.jpg\"><img loading=\"lazy\" decoding=\"async\" class=\"alignnone size-full wp-image-146\" title=\"caballos_reducido2\" src=\"http:\/\/www.acupunturaveterinaria.es\/wp-content\/uploads\/2011\/11\/caballos_reducido21.jpg\" alt=\"\" width=\"438\" height=\"189\" \/><\/a><\/p>\n<p style=\"text-align: justify;\">Siempre he tenido gran amor por los animales por lo que estudi\u00e9 Veterinaria, tambi\u00e9n me ha gustado la medicina holistica que trata al individuo en su totalidad, aplicada a personas y animales, de ah\u00ed mi inter\u00e9s en la acupuntura, osteopat\u00eda, aromaterapia y otras muchas terapias aplicadas a los animales.<\/p>\n<p>Todas estas modalidades pueden ayudar a los animales a mejorar su salud y calidad de vida, por eso me decid\u00ed a estudiar la acupuntura.<\/p>\n<p>Muchos de mis pacientes llegan con problemas con los tratamientos convencionales que por distintos motivos no funcionan, o las medicaciones tienen efectos adversos, en estos pacientes la respuesta a la acupuntura es fant\u00e1stica. Fomenta el que el propio cuerpo se cure equilibr\u00e1ndolo, aumenta de la respuesta inmune, quita el dolor produciendo relajaci\u00f3n\u2026<\/p>\n<p>La opci\u00f3n de la acupuntura es muy importante por los beneficios que le puede producir al animal y cuanto antes se empiece el tratamiento mejor,ya que a veces llegan tarde por tomarlo como la ultima opci\u00f3n cuando est\u00e1n desesperados.<\/p>\n<p>Trasmitir\u00a0 a los propietarios el concepto de prevenci\u00f3n ya que los animales como nosotros sufren procesos degenerativos al pasar el tiempo y aunque no haya dolor ni s\u00edntomas debemos\u00a0 obtener el grado de salud \u00f3ptimo que permita nuestra gen\u00e9tica; siendo muy importantes h\u00e1bitos saludables de vida como cuidar la alimentaci\u00f3n ,el ejercicio ,medio ambiente, adecuado,sociabilizaci\u00f3n.<\/p>\n<div style=\"padding: 10px; background-color: #ffffff;\">\n<p><span style=\"text-decoration: underline;\"><br \/>\n<\/span><\/p>\n<p style=\"text-align: justify;\"><strong><em>\u00abQue los animales se beneficien de esta incre\u00edble terapia\u00bb<\/em><\/strong><\/p>\n<\/div>\n<\/div>\n<div style=\"width: 52%; float: left; position: relative;\">\n<div style=\"width: 100%; float: left; position: relative; background-color: #e5017c;\">\n<div style=\"position: relative; float: left; width: 47%; padding: 10px 0px 0px 10px;\">\n<p><strong>Cristina Sierra<\/strong><\/p>\n<p>Licenciada en Veterinaria<\/p>\n<p>Acupuntora<\/p>\n<p>Veterinaria Certificada<\/p>\n<\/div>\n<div style=\"position: relative; float: right;\"><a href=\"http:\/\/www.acupunturaveterinaria.es\/wp-content\/uploads\/2011\/11\/Cristina_reducido1.jpg\"><img loading=\"lazy\" decoding=\"async\" title=\"Cristina_reducido\" src=\"http:\/\/www.acupunturaveterinaria.es\/wp-content\/uploads\/2011\/11\/Cristina_reducido1.jpg\" alt=\"\" width=\"230\" height=\"177\" \/><\/a><\/div>\n<\/div>\n<div style=\"padding: 10px; background-color: #c0c0c0;\">\n<p style=\"text-align: justify;\">Soy licenciada en veterinaria por la UCM con dos a\u00f1os de interna en cirug\u00eda de caballos y experiencia en cl\u00ednica equina.Tambi\u00e9n tengo experiencia en cl\u00ednica de peque\u00f1os animales.<\/p>\n<p style=\"text-align: justify;\">Estudi\u00e9 dos cursos de acupuntura para animales con Marita Casasola, donde aprend\u00ed mucho sobre el esp\u00edritu de la acupuntura, filosof\u00eda china, y un profundo respeto por los animales.<\/p>\n<p style=\"text-align: justify;\">As\u00ed empec\u00e9 con mi practica de la acupuntura en animales. Luego aprob\u00e9 el certificado de acupuntura con Chi Institute of Europa impartido por Dr. Huisheng Xie, un experto a nivel mundial de la medicina veterinaria tradicional china.<\/p>\n<p style=\"text-align: justify;\">Continu\u00e9 con mi practica adquiriendo mas experiencia. Ahora estoy estudiando Herb\u00f3logia China con Chi Institute of Europa y Chi Institute of Florida impartidos por Dr. Huisheng Xie ,un campo fascinante, para certificarme pr\u00f3ximamente en \u00e9l.<\/p>\n<p style=\"text-align: justify;\">Tambi\u00e9n estudio Aromaterapia con Young Living siendo diplomada en RaindropTerapy por Eva Franklin.<\/p>\n<p style=\"text-align: justify;\">Colaboro con compa\u00f1eros home\u00f3patas, fisioterapeutas, especialistas en Ortomolecular y otras especialidades que aportan a mis pacientes y a mi su sabidur\u00eda.<\/p>\n<p>Asistencia a Monogr\u00e1ficos en 2012-13:<\/p>\n<p>Uso de los ptos indicadores en caballos con Emiel Van den Bosch &amp; Dolores Puertas Navarro.<\/p>\n<p>Diplomados de IVAS<\/p>\n<p>Tratamiento de cancer y las deficiencias con Are Thoresen. Diplomado de IVAS<br \/>\n<strong>Diagn\u00f3stico<\/strong>\u00a0por pulsos y lengua con Dolores Puertas Navarro acupuntora veterinaria con m\u00e1s experiencia en \u00e9quidos en Espa\u00f1a, presidenta de IVAS Espa\u00f1a, profesora de la Diplomatura de Acupuntura Veterinaria Internacional en Espa\u00f1a.<\/p>\n<p>Acupuntura-I Ching M\u00e9todo Balance \u00abBasico y Avanzado\u00bb con Antonio Alfaro veterinario acupuntor certificado del M\u00e9todo Balance por Richard Teh Fu Tan.<\/p>\n<p><span style=\"text-decoration: underline;\">Certificada en\u00a0 Quiropractica animal por AIQA Academia Internacional de Quiropractica animal<\/span><\/p>\n<\/div>\n<\/div>\n<\/div>\n","protected":false},"excerpt":{"rendered":"<p>Siempre he tenido gran amor por los animales por lo que estudi\u00e9 Veterinaria, tambi\u00e9n me ha gustado la medicina holistica que trata al individuo en su totalidad, aplicada a personas y animales, de ah\u00ed mi inter\u00e9s en la acupuntura, osteopat\u00eda, aromaterapia y otras muchas terapias aplicadas a los animales. Todas estas modalidades pueden ayudar a&nbsp;<a href=\"https:\/\/www.acupunturaveterinaria.es\/\" class=\"read-more\">Continue Reading<\/a><\/p>\n","protected":false},"author":1,"featured_media":0,"parent":0,"menu_order":0,"comment_status":"open","ping_status":"open","template":"","meta":{"footnotes":""},"class_list":["post-2","page","type-page","status-publish","hentry"],"_links":{"self":[{"href":"https:\/\/www.acupunturaveterinaria.es\/index.php?rest_route=\/wp\/v2\/pages\/2","targetHints":{"allow":["GET"]}}],"collection":[{"href":"https:\/\/www.acupunturaveterinaria.es\/index.php?rest_route=\/wp\/v2\/pages"}],"about":[{"href":"https:\/\/www.acupunturaveterinaria.es\/index.php?rest_route=\/wp\/v2\/types\/page"}],"author":[{"embeddable":true,"href":"https:\/\/www.acupunturaveterinaria.es\/index.php?rest_route=\/wp\/v2\/users\/1"}],"replies":[{"embeddable":true,"href":"https:\/\/www.acupunturaveterinaria.es\/index.php?rest_route=%2Fwp%2Fv2%2Fcomments&post=2"}],"version-history":[{"count":120,"href":"https:\/\/www.acupunturaveterinaria.es\/index.php?rest_route=\/wp\/v2\/pages\/2\/revisions"}],"predecessor-version":[{"id":444,"href":"https:\/\/www.acupunturaveterinaria.es\/index.php?rest_route=\/wp\/v2\/pages\/2\/revisions\/444"}],"wp:attachment":[{"href":"https:\/\/www.acupunturaveterinaria.es\/index.php?rest_route=%2Fwp%2Fv2%2Fmedia&parent=2"}],"curies":[{"name":"wp","href":"https:\/\/api.w.org\/{rel}","templated":true}]}}