{"id":19,"date":"2011-11-16T17:23:26","date_gmt":"2011-11-16T17:23:26","guid":{"rendered":"http:\/\/www.acupunturaveterinaria.es\/?page_id=19"},"modified":"2014-01-22T10:00:45","modified_gmt":"2014-01-22T10:00:45","slug":"contacto","status":"publish","type":"page","link":"https:\/\/www.acupunturaveterinaria.es\/?page_id=19","title":{"rendered":"Servicios y Contacto"},"content":{"rendered":"<div style=\"position: relative; float: left; width: 60%;\">\n<p>Realizo servicios en Acupuntura y Medicina Veterinaria Tradicional China:<\/p>\n<p>A cl\u00ednicas veterinarias y a domicilio, en el caso de peque\u00f1os animales: perros, gatos, conejos, hurones, ex\u00f3ticos; en Madrid y pueblos de alrededor.<\/p>\n<p>En h\u00edpicas, yeguadas , cuadras privadas para caballos; en Madrid y dem\u00e1s provincias.<\/p>\n<p>Siempre con cita previa ,v\u00eda tel\u00e9fono o email. No duden en consultarme cualquier duda o pregunta.<\/p>\n<p><strong>Para contactar:<\/strong><\/p>\n<p>Cristina Sierra<br \/>\nColegiada n\u00ba 3400 en el Colegio Oficial de Veterinarios de Madrid<br \/>\nCertificada n\u00ba 001028 por Chi Institute<br \/>\n<a href=\"mailto:tomypispas@gmail.com\">tomypispas@gmail.com<\/a><br \/>\nTel\u00e9fono 659955223<\/p>\n<\/div>\n<div style=\"position: relative; float: left; width: 40%;\"><a href=\"http:\/\/www.acupunturaveterinaria.es\/wp-content\/uploads\/2012\/01\/dibujo-chino.jpg\"><img loading=\"lazy\" decoding=\"async\" class=\"alignnone size-medium wp-image-303\" title=\"dibujo chino\" src=\"http:\/\/www.acupunturaveterinaria.es\/wp-content\/uploads\/2012\/01\/dibujo-chino-272x300.jpg\" alt=\"\" width=\"300\" height=\"330\" srcset=\"https:\/\/www.acupunturaveterinaria.es\/wp-content\/uploads\/2012\/01\/dibujo-chino-272x300.jpg 272w, https:\/\/www.acupunturaveterinaria.es\/wp-content\/uploads\/2012\/01\/dibujo-chino-929x1024.jpg 929w, https:\/\/www.acupunturaveterinaria.es\/wp-content\/uploads\/2012\/01\/dibujo-chino.jpg 1951w\" sizes=\"auto, (max-width: 300px) 100vw, 300px\" \/><\/a><\/div>\n","protected":false},"excerpt":{"rendered":"<p>Realizo servicios en Acupuntura y Medicina Veterinaria Tradicional China: A cl\u00ednicas veterinarias y a domicilio, en el caso de peque\u00f1os animales: perros, gatos, conejos, hurones, ex\u00f3ticos; en Madrid y pueblos de alrededor. En h\u00edpicas, yeguadas , cuadras privadas para caballos; en Madrid y dem\u00e1s provincias. Siempre con cita previa ,v\u00eda tel\u00e9fono o email. No duden&nbsp;<a href=\"https:\/\/www.acupunturaveterinaria.es\/?page_id=19\" class=\"read-more\">Continue Reading<\/a><\/p>\n","protected":false},"author":1,"featured_media":0,"parent":0,"menu_order":0,"comment_status":"open","ping_status":"open","template":"","meta":{"footnotes":""},"class_list":["post-19","page","type-page","status-publish","hentry"],"_links":{"self":[{"href":"https:\/\/www.acupunturaveterinaria.es\/index.php?rest_route=\/wp\/v2\/pages\/19","targetHints":{"allow":["GET"]}}],"collection":[{"href":"https:\/\/www.acupunturaveterinaria.es\/index.php?rest_route=\/wp\/v2\/pages"}],"about":[{"href":"https:\/\/www.acupunturaveterinaria.es\/index.php?rest_route=\/wp\/v2\/types\/page"}],"author":[{"embeddable":true,"href":"https:\/\/www.acupunturaveterinaria.es\/index.php?rest_route=\/wp\/v2\/users\/1"}],"replies":[{"embeddable":true,"href":"https:\/\/www.acupunturaveterinaria.es\/index.php?rest_route=%2Fwp%2Fv2%2Fcomments&post=19"}],"version-history":[{"count":12,"href":"https:\/\/www.acupunturaveterinaria.es\/index.php?rest_route=\/wp\/v2\/pages\/19\/revisions"}],"predecessor-version":[{"id":416,"href":"https:\/\/www.acupunturaveterinaria.es\/index.php?rest_route=\/wp\/v2\/pages\/19\/revisions\/416"}],"wp:attachment":[{"href":"https:\/\/www.acupunturaveterinaria.es\/index.php?rest_route=%2Fwp%2Fv2%2Fmedia&parent=19"}],"curies":[{"name":"wp","href":"https:\/\/api.w.org\/{rel}","templated":true}]}}