{"id":104,"date":"2011-12-09T15:51:44","date_gmt":"2011-12-09T15:51:44","guid":{"rendered":"http:\/\/www.acupunturaveterinaria.es\/?page_id=104"},"modified":"2012-06-26T14:39:02","modified_gmt":"2012-06-26T14:39:02","slug":"caballos","status":"publish","type":"page","link":"https:\/\/www.acupunturaveterinaria.es\/?page_id=104","title":{"rendered":"Caballos"},"content":{"rendered":"<table>\n<tbody>\n<tr>\n<td>\n<h1>HISTORIA<\/h1>\n<p>Existen publicaciones sobre Medicina Tradicional China aplicada a caballos desde los primeros tiempos de la historia de la humanidad ,ya en 562 D.C el gobierno chino public\u00f3 \u201cCanon de la acupuntura Equina\u201d Ming Tan Tu ,en 502-557 D.C; Bo Le Liao. Ma Ping public\u00f3 \u201cBole\u00b4s Classic Treatment of Equine Diseases\u201d, durante la dinast\u00eda Suy se publicaron muchos libros como: \u201dLiao Ma Fan Prescriptions for horses\u201d,en 1608 Yu Ben Yuan and Yu Ben Heng publicaron \u201cLuang-Heng\u00b4s Therapeutic Treatise for horses\u201d donde ya se describen los acupuntos o puntos de acupuntura.\n<\/td>\n<td valign=\"top\" width=\"300px\"><a href=\"http:\/\/www.acupunturaveterinaria.es\/wp-content\/uploads\/2011\/12\/caballo-chino.jpg\"><img loading=\"lazy\" decoding=\"async\" class=\"alignnone size-medium wp-image-347\" title=\"caballo chino\" src=\"http:\/\/www.acupunturaveterinaria.es\/wp-content\/uploads\/2011\/12\/caballo-chino-300x249.jpg\" alt=\"\" width=\"300\" height=\"249\" srcset=\"https:\/\/www.acupunturaveterinaria.es\/wp-content\/uploads\/2011\/12\/caballo-chino-300x249.jpg 300w, https:\/\/www.acupunturaveterinaria.es\/wp-content\/uploads\/2011\/12\/caballo-chino.jpg 453w\" sizes=\"auto, (max-width: 300px) 100vw, 300px\" \/><\/a>\n<\/td>\n<\/tr>\n<\/table>\n<table>\n<tr>\n<td>\n<h1>APLICACIONES<\/h1>\n<p>La acupuntura puede ser usada en una gran cantidad de condiciones cl\u00ednicas especialmente en enfermedades cr\u00f3nicas.<\/p>\n<p>Las tres \u00e1reas donde la acupuntura se utiliza com\u00fanmente son:<\/p>\n<ul>\n<li>Control del dolor.<\/li>\n<li>Medicina Geri\u00e1trica.<\/li>\n<li>Medicina Deportiva.<\/li>\n<\/ul>\n<p>Estas son algunas de las enfermedades y condiciones donde se aplica:<\/p>\n<h2>PROBLEMAS MUSCULO-ESQUELETICOS<\/h2>\n<ul>\n<li>Artritis<\/li>\n<li>Problemas musculares Azoturia Tying Up, miositis,atrofia muscular<\/li>\n<li>Enfermedad articular degenerativa DJD<\/li>\n<li>Osteocondritis disecante OCD<\/li>\n<li>Problemas ligamentosos y tendinosos<\/li>\n<li>Dermitis de Ligamentos como el Supraespinoso, y el dorsal sacro- iliaco<\/li>\n<li>Tendinitis del T. suspensor, T.flexores<\/li>\n<li>Laminitis<\/li>\n<li>Enfermedad del navicular<\/li>\n<li>Cojeras que no responden a los antiinfalamatorios<\/li>\n<li>Dolores agudos o cr\u00f3nicos de:<\/li>\n<\/ul>\n<table width=\"440\">\n<tbody>\n<tr>\n<td width=\"220\">\n<ul>\n<li>Cadera<\/li>\n<li>Carpo<\/li>\n<li>Codo<\/li>\n<li>Espalda o espinales<\/li>\n<li>Hombro &#8211; pecho<\/li>\n<\/ul>\n<\/td>\n<td>\n<ul>\n<li>Mand\u00edbula<\/li>\n<li>Menudillo y corona<\/li>\n<li>Rodilla<\/li>\n<li>Talones y casco<\/li>\n<li>Tarso<\/li>\n<\/ul>\n<\/td>\n<\/tr>\n<\/tbody>\n<\/table>\n<ul>\n<li>Dolor primario de espalda:<\/li>\n<\/ul>\n<table width=\"440\">\n<tbody>\n<tr>\n<td width=\"220\">\n<ul>\n<li>Enfermedad de disco<\/li>\n<li>Espondilosis<\/li>\n<li>Da\u00f1os sacro-iliacos(SID)<\/li>\n<li>Tensiones repetitivas<\/li>\n<\/ul>\n<\/td>\n<td>\n<ul>\n<li>DJD de las superficies articulares vertebrales<\/li>\n<li>Da\u00f1os en m\u00fasculos tendones ligamentos por ca\u00eddas&#8230;<\/li>\n<li>Dolor Toraco \u2013lumbar,Lumbo-sacro<\/li>\n<li>Problemas de los procesos espinosos dorsales (overriding)<\/li>\n<\/ul>\n<\/td>\n<\/tr>\n<\/tbody>\n<\/table>\n<ul>\n<li>Debilidad de los miembros posteriores Inflamaciones y dolores de:\n<ul>\n<li>La parte dorsal del tercer metacarpiano del miembro delantero o Bucked shins<\/li>\n<li>Del segundo y cuarto metacarpianos o Splints<\/li>\n<\/ul>\n<\/li>\n<li>S\u00edndrome de Wobbler\u00b4s<\/li>\n<li>Rehabilitaci\u00f3n postoperatoria<\/li>\n<\/ul>\n<p><span style=\"text-decoration: underline;\">Caballos deportistas<\/span><\/p>\n<p>Se aplica especialmente para mejorar la forma f\u00edsica , rendimiento deportivo, prevenci\u00f3n de lesiones en los caballos que compiten en las distintas disciplinas.\n<\/td>\n<td valign=\"top\" width=\"300px\">\n<a href=\"http:\/\/www.acupunturaveterinaria.es\/wp-content\/uploads\/2011\/12\/Caballos.jpg\"><img loading=\"lazy\" decoding=\"async\" class=\"alignnone size-medium wp-image-348\" title=\"Caballos\" src=\"http:\/\/www.acupunturaveterinaria.es\/wp-content\/uploads\/2011\/12\/Caballos-300x225.jpg\" alt=\"\" width=\"300\" height=\"225\" srcset=\"https:\/\/www.acupunturaveterinaria.es\/wp-content\/uploads\/2011\/12\/Caballos-300x225.jpg 300w, https:\/\/www.acupunturaveterinaria.es\/wp-content\/uploads\/2011\/12\/Caballos-1024x768.jpg 1024w\" sizes=\"auto, (max-width: 300px) 100vw, 300px\" \/><\/a><br \/>\n<a href=\"http:\/\/www.acupunturaveterinaria.es\/wp-content\/uploads\/2011\/12\/casco.jpg\"><img loading=\"lazy\" decoding=\"async\" class=\"alignnone size-medium wp-image-350\" title=\"casco\" src=\"http:\/\/www.acupunturaveterinaria.es\/wp-content\/uploads\/2011\/12\/casco-300x225.jpg\" alt=\"\" width=\"300\" height=\"225\" srcset=\"https:\/\/www.acupunturaveterinaria.es\/wp-content\/uploads\/2011\/12\/casco-300x225.jpg 300w, https:\/\/www.acupunturaveterinaria.es\/wp-content\/uploads\/2011\/12\/casco-1024x768.jpg 1024w\" sizes=\"auto, (max-width: 300px) 100vw, 300px\" \/><\/a><br \/>\n<a href=\"http:\/\/www.acupunturaveterinaria.es\/wp-content\/uploads\/2011\/12\/Caballos-I.jpg\"><img loading=\"lazy\" decoding=\"async\" class=\"alignnone size-medium wp-image-349\" title=\"Caballos I\" src=\"http:\/\/www.acupunturaveterinaria.es\/wp-content\/uploads\/2011\/12\/Caballos-I-300x225.jpg\" alt=\"\" width=\"300\" height=\"225\" srcset=\"https:\/\/www.acupunturaveterinaria.es\/wp-content\/uploads\/2011\/12\/Caballos-I-300x225.jpg 300w, https:\/\/www.acupunturaveterinaria.es\/wp-content\/uploads\/2011\/12\/Caballos-I-1024x768.jpg 1024w\" sizes=\"auto, (max-width: 300px) 100vw, 300px\" \/><\/a><br \/>\n<a href=\"http:\/\/www.acupunturaveterinaria.es\/wp-content\/uploads\/2011\/12\/acup-I.jpg\"><img loading=\"lazy\" decoding=\"async\" class=\"alignnone size-medium wp-image-351\" title=\"acup I\" src=\"http:\/\/www.acupunturaveterinaria.es\/wp-content\/uploads\/2011\/12\/acup-I-300x223.jpg\" alt=\"\" width=\"300\" height=\"223\" srcset=\"https:\/\/www.acupunturaveterinaria.es\/wp-content\/uploads\/2011\/12\/acup-I-300x223.jpg 300w, https:\/\/www.acupunturaveterinaria.es\/wp-content\/uploads\/2011\/12\/acup-I.jpg 800w\" sizes=\"auto, (max-width: 300px) 100vw, 300px\" \/><\/a><br \/>\n<a href=\"http:\/\/www.acupunturaveterinaria.es\/wp-content\/uploads\/2011\/12\/acup-II.jpg\"><img loading=\"lazy\" decoding=\"async\" class=\"alignnone size-medium wp-image-352\" title=\"acup II\" src=\"http:\/\/www.acupunturaveterinaria.es\/wp-content\/uploads\/2011\/12\/acup-II-300x223.jpg\" alt=\"\" width=\"300\" height=\"223\" srcset=\"https:\/\/www.acupunturaveterinaria.es\/wp-content\/uploads\/2011\/12\/acup-II-300x223.jpg 300w, https:\/\/www.acupunturaveterinaria.es\/wp-content\/uploads\/2011\/12\/acup-II.jpg 800w\" sizes=\"auto, (max-width: 300px) 100vw, 300px\" \/><\/a><\/td>\n<\/tr>\n<\/tbody>\n<\/table>\n<p><span style=\"text-decoration: underline;\">Algunas conclusiones de estudios realizados por cient\u00edficos<\/span><\/p>\n<p>90% de los casos de laminitis agudas y cr\u00f3nicas mejoraron seg\u00fan Kilde y Kung<br \/>\n96% de casos de laminitis aguda mejoraron. Seg\u00fan.H. Xie<br \/>\n87% de mejoras en alivio de dolores cr\u00f3nicos de espalda en caballos de competiciones que pudieron reanudar su trabajo seg\u00fan Kilde Y Martin<br \/>\n85%-92% de dolores de espalda responden a la acupuntura positivamente pudiendo volver a su nivel f\u00edsico previo. Xie H,Colahan P estudiaron caballos con dolor toraco-lumbar la mejora fue significativamente mayor al tercer tratamiento en aquellos que fueron tratados con Electroacupuntura,con respecto a los que fueron tratados con Fenilbutazona, o con suero salino.<\/p>\n<p><span style=\"text-decoration: underline;\">Puntos diagn\u00f3stico<\/span><\/p>\n<p>Una de las aplicaciones mas frecuentes de la acupuntura equina es el diagnostico y tratamiento de patolog\u00edas m\u00fasculo- esquel\u00e9ticas agudas o cr\u00f3nicas.<\/p>\n<p>Seg\u00fan el Doctor H.Xie el diagnostico de las cojeras es posible palpando acupuntos sensibles, estos conectan con determinadas estructuras anat\u00f3micas, indicando la procedencia de la cojera, en Medicina China se explica gracias a las conexiones que existen entre los puntos situados en los meridianos o canales energ\u00e9ticos, los estudios cient\u00edficos lo describen como \u201cMyofascial trigger points\u201d descritos por Macgregor and Von Schweinitz; son \u00e1reas sensibles procedentes de la cojera primaria. Allen M.Shoen explica como una cojera del tarso puede producir la aparici\u00f3n de estos trigger points en<br \/>\npuntos de la espalda y el cuello en el miembro contralateral a la cojera inicial ya que esta cojera inicial se va compens\u00e1ndolo ,lo que habr\u00e1 que tener en cuenta para la total curaci\u00f3n, Phil Rogers explica en su articulo Acupuntura para el dolor paraespinal myofascial equino como identificar los puntos sensibles en las \u00e1reas musculares cuales son los modelos de compensaci\u00f3n del dolor y como eliminar el dolor y los espasmos r\u00e1pidamente Dr. William McCormic piensa que son reflejo del dolor articular, que hay que diagnosticar el desequilibrio del meridiano afectado.<\/p>\n<p>Los puntos <span style=\"text-decoration: underline;\">Ting o Jing Well<\/span> son puntos situados en la corona muy estudiados por Are S. Thorensen y Dominique Ginaux que observo los cambios de estos puntos dependiendo de los s\u00edndromes y describi\u00f3 su secuencia.Emiel Van den Boch midi\u00f3 su<br \/>\nresistencia electrica,seg\u00fan A.S. Thorenson tienen valor diagnostico y terap\u00e9utico Se utilizan con frecuencia en el tratamiento de esguinces, tendinitis, laminitis(sangr\u00e1ndolos), navicular.<\/p>\n<p><span style=\"text-decoration: underline;\">Numero de tratamientos<\/span><\/p>\n<p>La media de tratamientos para tratar cojeras o una baja forma deportiva por problemas musculares suele ser tres , cuando existen problemas ortop\u00e9dicos , degenerativos, cambios estructurales en el tend\u00f3n ser\u00e1n necesarios mas tratamientos.<\/p>\n<p><span style=\"text-decoration: underline;\">Precauciones<\/span><\/p>\n<p>En caso de traumas, fracturas, ruptura de ligamentos o tendones siempre debe ser de primera elecci\u00f3n la veterinaria cl\u00ednica convencional aunque posteriormente se aplique la acupuntura para acelerar la curaci\u00f3n ,un buen diagnostico cl\u00ednico ser\u00e1 siempre de gran ayuda.<\/p>\n<p>Realizar pruebas para diagnosticar como radiograf\u00edas ,ecograf\u00eda ,anestesias locales, scintigrafia, termograf\u00eda siempre es muy importante para poder tener un pronostico correcto.<\/p>\n<p>Descartar infecciones y tumores es importante antes de realizar el tratamiento de acupuntura.<\/p>\n<h2>ENFERMEDADES GASTROINTESTINALES<\/h2>\n<table width=\"440\">\n<tbody>\n<tr>\n<td width=\"220\">\n<ul>\n<li>Anorexia<\/li>\n<li>Diarrea o constipaci\u00f3n persistente<\/li>\n<li>Enteritis<\/li>\n<\/ul>\n<\/td>\n<td>\n<ul>\n<li>\u00dalceras gastroduodenales<\/li>\n<li>C\u00f3licos no-quir\u00fargicos<\/li>\n<li>Crib-biting por problemas gastrointestinales<\/li>\n<\/ul>\n<\/td>\n<\/tr>\n<\/tbody>\n<\/table>\n<p>Siempre que pensemos que nuestro caballo puede tener c\u00f3lico es conveniente llamar r\u00e1pidamente al veterinario cl\u00ednico que lo atienda y diagnostique si es quir\u00fargico o m\u00e9dico, si el c\u00f3lico es no quir\u00fargico como impactaci\u00f3n del intestino grueso, o c\u00f3lico por gases la acupuntura puede ayudar.<\/p>\n<p>Si observamos falta de apetito, perdida de peso, disminuci\u00f3n del rendimiento deportivo, problemas con el asiento, pelo sin brillo podemos sospechar que haya ulceras g\u00e1stricas, cuando duele el estomago puede haber problemas de dolor muscular de espalda y espinal, Ferry Ridgway DVM. Shen Huseing Xie diagnostica las ulceras g\u00e1stricas tras observar sensibilidad en determinados puntos situados en la cabeza, espalda, y en la l\u00ednea longitudinal del ombligo.<\/p>\n<p>Existen estudios sobre la analgesia visceral que produce la electroacupuntura en los casos de c\u00f3lico, como act\u00faa en casos de hipermotilidad e hipomotilidad normaliz\u00e1ndola, estudios realizados en humanos muestran como mejora los trastornos gastrointestinales.<\/p>\n<h2>ENFERMEDADES \u00a0CARDIOVASCULARES<\/h2>\n<table width=\"440\">\n<tbody>\n<tr>\n<td width=\"220\">\n<ul>\n<li>Arritmias<\/li>\n<li>Hipertensi\u00f3n<\/li>\n<\/ul>\n<\/td>\n<td>\n<ul>\n<li>Enfermedad valvular<\/li>\n<li>Enfermedad cardiaca congestiva<\/li>\n<\/ul>\n<\/td>\n<\/tr>\n<\/tbody>\n<\/table>\n<p>Experimentos como el de Zhang Ren donde punturando diariamente un punto en pacientes con s\u00edntomas cardiacos, mejoraron: las funciones cardiacas, el aporte de sangre al cuerpo ,los s\u00edntomas y el ECG en mas del 50% ; Shanghai Second Medical Collage estudio los beneficios de este punto en pacientes con fibrilaci\u00f3n auricular e insuficiencia mitral.Segun los\u00a0 estudios de Huang and Liang puede reducir la tensi\u00f3n sangu\u00ednea alta.<\/p>\n<p>Siempre es muy recomendable el diagnostico de las lesiones cardiacas realizando laspruebas necesarias electrocardiograma, ecograf\u00eda&#8230;<\/p>\n<h2>ENFERMEDADES \u00a0RESPIRATORIOS<\/h2>\n<table width=\"440\">\n<tbody>\n<tr>\n<td width=\"220\">\n<ul>\n<li>Alergias<\/li>\n<li>Bronquitis<\/li>\n<li>Infecciones pulmonares<\/li>\n<\/ul>\n<\/td>\n<td>\n<ul>\n<li>EIPH Hemorragia nasal en caballos de carreras<\/li>\n<li>RAO; COPD, enfermedad cr\u00f3nica obstructiva pulmonar<\/li>\n<\/ul>\n<\/td>\n<\/tr>\n<\/tbody>\n<\/table>\n<p>En el caso de COPD suele ser necesario la conjunci\u00f3n de acupuntura con la aplicaci\u00f3nde broncodilatadores y corticoesteroides siendo la integraci\u00f3n de ambas recomendable. El n\u00famero de tratamientos depender\u00e1 de la respuesta se deben intentar como m\u00ednimo tres tratamientos.<\/p>\n<p>En casos de neumot\u00f3rax, derrame pleural, neumon\u00edas con fiebre es conveniente la actuaci\u00f3n r\u00e1pida del veterinario cl\u00ednico equino como primera elecci\u00f3n, para diagnosticar con los medios necesarios radiograf\u00eda, ecograf\u00eda, endoscopia, toma de<br \/>\nmuestras&#8230; e instaurar r\u00e1pidamente el tratamiento medico o quir\u00fargico.<\/p>\n<h2>ENFERMEDADES \u00a0NEUROLOGICAS<\/h2>\n<table width=\"440\">\n<tbody>\n<tr>\n<td width=\"220\">\n<ul>\n<li>Enfermedad de disco IDD<\/li>\n<li>Neuropat\u00edas<\/li>\n<li>Hemiplejia laringea<\/li>\n<\/ul>\n<\/td>\n<td>\n<ul>\n<li>Traumas con da\u00f1os en cabeza medula espinal nervios<\/li>\n<li>Par\u00e1lisis : Subescapular, Sweeny,Facial<\/li>\n<li>Epilepsia<\/li>\n<\/ul>\n<\/td>\n<\/tr>\n<\/tbody>\n<\/table>\n<p>La hemiplejia lar\u00edngea debida a la disfunci\u00f3n del nervio izquierdo Recurrente Lar\u00edngeo es com\u00fan en Pura Sangres, con electroacupuntura se ha visto endoscopicamente como se mejora la disfunci\u00f3n siendo necesario para ver los resultados como m\u00ednimo cinco tratamientos(semanales).<\/p>\n<h2>ENFERMEDADES RENALES Y UROLOGICAS<\/h2>\n<table width=\"440\">\n<tbody>\n<tr>\n<td width=\"220\">\n<ul>\n<li>Cistitis<\/li>\n<li>Incontinencia<\/li>\n<\/ul>\n<\/td>\n<td>\n<ul>\n<li>Piedras<\/li>\n<li>Enfermedad renal<\/li>\n<\/ul>\n<\/td>\n<\/tr>\n<\/tbody>\n<\/table>\n<h2>ENFERMEDADES \u00a0OCULARES<\/h2>\n<table width=\"440\">\n<tbody>\n<tr>\n<td width=\"220\">\n<ul>\n<li>Ulceras corn\u00e9ales<\/li>\n<li>Cataratas<\/li>\n<\/ul>\n<\/td>\n<td>\n<ul>\n<li>Uve\u00edtis recurrente equina<\/li>\n<li>Conjuntivitis<\/li>\n<\/ul>\n<\/td>\n<\/tr>\n<\/tbody>\n<\/table>\n<h2>ENFERMEDADES\u00a0 HEPATICAS<\/h2>\n<table width=\"440\">\n<tbody>\n<tr>\n<td width=\"220\">\n<ul>\n<li>Hepatitis<\/li>\n<li>Colangitis<\/li>\n<\/ul>\n<\/td>\n<td>\n<ul>\n<li>Hepatomegalia<\/li>\n<li>C\u00e1ncer de H\u00edgado<\/li>\n<\/ul>\n<\/td>\n<\/tr>\n<\/tbody>\n<\/table>\n<h2>ENFERMEDADES DE PIEL<\/h2>\n<table width=\"440\">\n<tbody>\n<tr>\n<td width=\"220\">\n<ul>\n<li>Heridas que no curan<\/li>\n<li>De origen inmunomediado<\/li>\n<\/ul>\n<\/td>\n<td>\n<ul>\n<li>Dermatitis al\u00e9rgica<\/li>\n<li>\u00a0Hypoderma<\/li>\n<\/ul>\n<\/td>\n<\/tr>\n<\/tbody>\n<\/table>\n<h2>ENFERMEDADES\u00a0 REPRODUCTIVAS<\/h2>\n<table width=\"440\">\n<tbody>\n<tr>\n<td width=\"220\">\n<ul>\n<li>Anestros prolongado<\/li>\n<li>Disfunciones ov\u00e1ricas<\/li>\n<li>Infecciones uterinas<\/li>\n<li>Perdida de libido<\/li>\n<\/ul>\n<\/td>\n<td>\n<ul>\n<li>Infertilidad en machos y hembras<\/li>\n<li>Problemas de lactaci\u00f3n<\/li>\n<li>Recuperaci\u00f3n posparto<\/li>\n<\/ul>\n<\/td>\n<\/tr>\n<\/tbody>\n<\/table>\n<h2>ENFERMEDADES\u00a0 ENDOCRINAS<\/h2>\n<ul>\n<li>Cushing\/Hiperadrenocorticalismo<\/li>\n<li>Resistencia a la Insulina \/S\u00edndrome Metab\u00f3lico Equino EMS<\/li>\n<li>Addison \/Hipoadrenocorticalismo<\/li>\n<li>Hipertiroidismo<\/li>\n<li>Hipotiroidismo<\/li>\n<\/ul>\n<h2>PROBLEMAS DE COMPORTAMIENTO<\/h2>\n<table width=\"440\">\n<tbody>\n<tr>\n<td width=\"220\">\n<ul>\n<li>Agresividad<\/li>\n<li>Head Shaking (algunos tipos)<\/li>\n<li>Insomnio<\/li>\n<\/ul>\n<\/td>\n<td>\n<ul>\n<li>Miedos<\/li>\n<li>Ansiedad<\/li>\n<li>Fobias<\/li>\n<\/ul>\n<\/td>\n<\/tr>\n<\/tbody>\n<\/table>\n<p>A veces no encontramos explicaci\u00f3n m\u00e9dica a determinados comportamientos anormales, la acupuntura los trata como problemas mentales debidos a un desequilibrio.<\/p>\n<p>Los caballos que no toleran la acupuntura mostr\u00e1ndose agresivos pueden ser tratados con hierbas Chinas con excelentes resultados.<\/p>\n<h2>OTRAS CONDICIONES<\/h2>\n<ul>\n<li>Anhidrosis<\/li>\n<li>Condiciones hematol\u00f3gicas: anemia, trombocitopenia<\/li>\n<li>Cancer<\/li>\n<\/ul>\n<h2>ACUPUNTURA EN CABALLOS SANOS<\/h2>\n<p>Tratar al caballo antes de que aparezcan signos f\u00edsicos de lesi\u00f3n es muy importante para prevenir, cuando el desequilibrio es menor es el momento.<\/p>\n<p>En caballos de competici\u00f3n donde se debe mantener un \u00f3ptimo nivel de energ\u00eda evitar el stress de viajes, concursos, entrenamientos, es ideal hacer tratamientos regulares.<\/p>\n<p><span style=\"text-decoration: underline;\">\u201cLa acupuntura ayuda a desarrollar una buena forma f\u00edsica libre de drogas\u201d<\/span><\/p>\n<h2>Bibliograf\u00eda<\/h2>\n<ul>\n<li>Use of Chinese herbal medicine in veterinary sciency .history and perspectives by J.H. LIN* and R.PANZER Rev.sci.techOff.int Epiz 1994 ,13 (2) 425-432<\/li>\n<li>Xie&#8217;s Chinese Veterinary Herbology,by Huisheng Xie,Vanessa Preast Ed Wiley-Veterinary and Herbal Medicine ELSEVIER<\/li>\n<li>Equine Acupuntura :Incorporation into Lameness Diagnosis and Treatmet By Allen M.Shoen,DVM,MS In\u00a0 deepth:Complementary and integrative therapies,AAEP Proceedings vol 46 2000<\/li>\n<li>Evaluation of electroacupuncture treatment of horses with signs of chronic thoracolumbar pain,Huisheng Xie, DVM, PhD Patrick Colahan, DVM, DACVS Edgar A. Ott, PhD<\/li>\n<li>A review of the use of acupuncture for treatment of equine back pain Journal of the American Veterinary Medical Association July 15, 2005, Vol. 227, No. 2, Pages 281-286 doi: 10.2460\/javma.2005.227.281<\/li>\n<li>A review of the use of acupuncture for treatment of equine back pain Journal of Equine Veterinary Science, Volume 16, Issue 7, July 1996, Pages 285-290.Huisheng Xie, Richard L. Asquith, Jan Kivipelto<\/li>\n<li>The Clinical Application of Equine Acupuncture Original Research Article Journal of Equine Veterinary Science, Volume 29, Issue 10, October 2009, Pages 753-760 Justin Shmalberg, Huisheng Xie<\/li>\n<li>The origins of acupuncture channel imbalance in pain of the Equine hindlimb by William H. Mc Cormick,VDM Journal of equine veterinary sciency-Oriental Channel diagnosis in foot lameness of equine forelimbs by hindlimb by William H. Mc Cormick,VDM Journal of equine veterinary sciency<\/li>\n<li>Acupuntura Veterinaria y Terapias naturales de Are Simeon Thorensen DVM Multim\u00e9dica Ediciones Veterinaria ed 2006<\/li>\n<li>Acupuncture for Equine Paraspinal Myofascial Pain by Phil Rogers MVB,MRCVS .Americal Journal of Tradicional Chinese Veterinary Medicine February 2012<\/li>\n<li>Clinical Application of Equine Acupuncture * Justin Shmalberg, DVM, CVA , * , Huisheng Xie, DVM, PhD -Ancient Art to modern Medicine Veterinary acupuntura By Allen M.Shoen DVM,MS<\/li>\n<li>Zhang Ren, Effect of neiguan needling in cardiovascular disease: analysis of 137 cases, unpublished manuscript, Shanghai Association of Acupuncture and Moxibustion, 1983<\/li>\n<li>Wu Yixian, et al., Therapeutic effect and mechanism of acupuncture at neiguan in chronic rheumatic heart disease, Journal of Traditional Chinese Medicine 1982; 2(1): 51\u201356<\/li>\n<li>Huang,H;Liang,S Acupuncture at otoacupunt Herat for treatment of vascular hipertensi\u00f3n Journal of TCM 92,12\/2133-6<\/li>\n<li>Compendium Acupuncture and Chinese Herbal Medicine for Treating Horses Justing Shmalberg,DVM,CVA;Huisheng Xie,DVM,PhD* University of Florida May 2011 Vet Learn<\/li>\n<li>Equine Performance Newsletter Equine Gastric ulcer Randy Huenefeld DVM Xie H, Colahan P, Ott E. Evaluation of electroacupuncture treatment of horses with signs of chronic thoracolumbar pain. J Am Vet Med Assoc. 2005;2:281\u2013<br \/>\n286<\/li>\n<li>Martin BB, Klide AM. Use of acupuncture for the treatment of chronic back pain in horses: stimulation of acupuncture points with saline solution injections. J Am Vet Med Assoc. 1987;190:1177\u20131180<\/li>\n<li>Kim MS, Xie H. Electroacupuncture for the treatment of equine laryngeal hemiplegia. Vet Rec. In press<\/li>\n<li>Equine Back Phathology Diagnosis and Treatment edited By Dr Frances M.D, MA, VetMB ,CertES(Orth), CertEM(Int Med),MRCVS,RCVS Specilaist in Equine Surgery (Orthopedics)<\/li>\n<\/ul>\n<p>&nbsp;<\/p>\n<p>&nbsp;<\/p>\n","protected":false},"excerpt":{"rendered":"<p>HISTORIA Existen publicaciones sobre Medicina Tradicional China aplicada a caballos desde los primeros tiempos de la historia de la humanidad ,ya en 562 D.C el gobierno chino public\u00f3 \u201cCanon de la acupuntura Equina\u201d Ming Tan Tu ,en 502-557 D.C; Bo Le Liao. Ma Ping public\u00f3 \u201cBole\u00b4s Classic Treatment of Equine Diseases\u201d, durante la dinast\u00eda Suy&nbsp;<a href=\"https:\/\/www.acupunturaveterinaria.es\/?page_id=104\" class=\"read-more\">Continue Reading<\/a><\/p>\n","protected":false},"author":1,"featured_media":0,"parent":0,"menu_order":0,"comment_status":"open","ping_status":"open","template":"","meta":{"footnotes":""},"class_list":["post-104","page","type-page","status-publish","hentry"],"_links":{"self":[{"href":"https:\/\/www.acupunturaveterinaria.es\/index.php?rest_route=\/wp\/v2\/pages\/104","targetHints":{"allow":["GET"]}}],"collection":[{"href":"https:\/\/www.acupunturaveterinaria.es\/index.php?rest_route=\/wp\/v2\/pages"}],"about":[{"href":"https:\/\/www.acupunturaveterinaria.es\/index.php?rest_route=\/wp\/v2\/types\/page"}],"author":[{"embeddable":true,"href":"https:\/\/www.acupunturaveterinaria.es\/index.php?rest_route=\/wp\/v2\/users\/1"}],"replies":[{"embeddable":true,"href":"https:\/\/www.acupunturaveterinaria.es\/index.php?rest_route=%2Fwp%2Fv2%2Fcomments&post=104"}],"version-history":[{"count":27,"href":"https:\/\/www.acupunturaveterinaria.es\/index.php?rest_route=\/wp\/v2\/pages\/104\/revisions"}],"predecessor-version":[{"id":368,"href":"https:\/\/www.acupunturaveterinaria.es\/index.php?rest_route=\/wp\/v2\/pages\/104\/revisions\/368"}],"wp:attachment":[{"href":"https:\/\/www.acupunturaveterinaria.es\/index.php?rest_route=%2Fwp%2Fv2%2Fmedia&parent=104"}],"curies":[{"name":"wp","href":"https:\/\/api.w.org\/{rel}","templated":true}]}}