{"id":102,"date":"2011-12-09T15:51:30","date_gmt":"2011-12-09T15:51:30","guid":{"rendered":"http:\/\/www.acupunturaveterinaria.es\/?page_id=102"},"modified":"2012-05-24T03:50:29","modified_gmt":"2012-05-24T03:50:29","slug":"perros-y-gatos","status":"publish","type":"page","link":"https:\/\/www.acupunturaveterinaria.es\/?page_id=102","title":{"rendered":"APLICACIONES EN PERROS Y GATOS"},"content":{"rendered":"<p><a href=\"http:\/\/www.acupunturaveterinaria.es\/wp-content\/uploads\/2011\/12\/perrito-gatito.jpg\"><img loading=\"lazy\" decoding=\"async\" class=\"alignnone size-medium wp-image-329\" title=\"perrito gatito\" src=\"http:\/\/www.acupunturaveterinaria.es\/wp-content\/uploads\/2011\/12\/perrito-gatito-300x200.jpg\" alt=\"\" width=\"300\" height=\"200\" srcset=\"https:\/\/www.acupunturaveterinaria.es\/wp-content\/uploads\/2011\/12\/perrito-gatito-300x200.jpg 300w, https:\/\/www.acupunturaveterinaria.es\/wp-content\/uploads\/2011\/12\/perrito-gatito.jpg 507w\" sizes=\"auto, (max-width: 300px) 100vw, 300px\" \/><\/a><a href=\"http:\/\/www.acupunturaveterinaria.es\/wp-content\/uploads\/2011\/12\/conejitogatito.jpg\"><img loading=\"lazy\" decoding=\"async\" class=\"alignnone size-medium wp-image-328\" title=\"conejitogatito\" src=\"http:\/\/www.acupunturaveterinaria.es\/wp-content\/uploads\/2011\/12\/conejitogatito-300x200.jpg\" alt=\"\" width=\"300\" height=\"200\" srcset=\"https:\/\/www.acupunturaveterinaria.es\/wp-content\/uploads\/2011\/12\/conejitogatito-300x200.jpg 300w, https:\/\/www.acupunturaveterinaria.es\/wp-content\/uploads\/2011\/12\/conejitogatito.jpg 506w\" sizes=\"auto, (max-width: 300px) 100vw, 300px\" \/><\/a><a href=\"http:\/\/www.acupunturaveterinaria.es\/wp-content\/uploads\/2011\/12\/perrines1.jpg\"><img loading=\"lazy\" decoding=\"async\" class=\"alignnone size-medium wp-image-344\" title=\"perrines\" src=\"http:\/\/www.acupunturaveterinaria.es\/wp-content\/uploads\/2011\/12\/perrines1-300x199.jpg\" alt=\"\" width=\"303\" height=\"200\" \/><\/a><\/p>\n<p>La acupuntura es aplicable en algunas condiciones mejor que en otras, as\u00ed funciona especialmente cuando existe un desequilibrio de \u00f3rganos, tejidos, m\u00fasculos pero estructuralmente estos est\u00e1n bien, esto abarca muchas de las condiciones que nos encontramos en perros y gatos. Cuando existe da\u00f1o estructural es menos aplicable. Se pueden tratar una gran variedad de condiciones:<\/p>\n<table width=\"521\">\n<tbody>\n<tr>\n<td>\n<ul>\n<li>Cardiovasculares<\/li>\n<li>Dermatol\u00f3gicos<\/li>\n<li>Dolores<\/li>\n<li>Endocrinos u hormonales<\/li>\n<li>Febriles<\/li>\n<li>Hep\u00e1ticos<\/li>\n<li>Hematol\u00f3gicos<\/li>\n<li>Inmunol\u00f3gicos<\/li>\n<li>Gastrointestinales<\/li>\n<\/ul>\n<\/td>\n<td>\n<ul>\n<li>M\u00fasculo esquel\u00e9ticos tendinosos ligamentosos<\/li>\n<li>Neurol\u00f3gicos<\/li>\n<li>Oculares<\/li>\n<li>Reproductivos<\/li>\n<li>Respiratorios<\/li>\n<li>Sangu\u00edneos<\/li>\n<li>Renales y Urol\u00f3gicos<\/li>\n<li>Comportamiento<\/li>\n<\/ul>\n<\/td>\n<\/tr>\n<\/tbody>\n<\/table>\n<p>Seg\u00fan la doctora Lindsay Wedermayer en condiciones como infecciones, alergias, enfermedades degenerativas y muchas otras, los animales se beneficiaran del uso conjunto de la mas avanzada medicina moderna convencional y de la acupuntura \u201cconjuntamente\u201d para poder:<\/p>\n<ul>\n<li>Mejorar los efectos de los medicamentos con la acupuntura al mismo tiempo, como dar antibi\u00f3ticos y estimular el sistema inmune con la acupuntura en infecciones.<\/li>\n<li>Reducir los efectos indeseables o secundarios de algunos medicamentos, como molestias g\u00e1stricas o intestinales con antiinflamatorios no esteroides.<\/li>\n<li>Reducir la dosis de los medicamentos para disminuir efectos adversos, como ocurre con tratamientos a largo plazo con corticoides.<\/li>\n<\/ul>\n<p><strong>APLICACIONES<\/strong><\/p>\n<p>Estas son algunas de las aplicaciones de la acupuntura:<\/p>\n<p><strong>ENFERMEDADES CARDIOVASCULARES<\/strong><\/p>\n<table width=\"440\">\n<tbody>\n<tr>\n<td width=\"220\">\n<ul>\n<li>Arritmias<\/li>\n<li>Enfermedades valvulares<\/li>\n<li>Hipertensi\u00f3n<\/li>\n<\/ul>\n<\/td>\n<td>\n<ul>\n<li>Enfermedad cardiaca congestiva<\/li>\n<li>Cardiopat\u00eda<\/li>\n<\/ul>\n<\/td>\n<\/tr>\n<\/tbody>\n<\/table>\n<p><strong>DERMATOLOGIA<\/strong><\/p>\n<table width=\"440\">\n<tbody>\n<tr>\n<td width=\"220\">\n<ul>\n<li>Dermatitis<\/li>\n<li>Alergias<\/li>\n<li>Urticaria<\/li>\n<\/ul>\n<\/td>\n<td>\n<ul>\n<li>Dermatitis inmunomediadas<\/li>\n<li>Otitis externa<\/li>\n<li>Heridas que no curan<\/li>\n<\/ul>\n<\/td>\n<\/tr>\n<\/tbody>\n<\/table>\n<p><strong>DOLOR<\/strong><\/p>\n<table width=\"440\">\n<tbody>\n<tr>\n<td width=\"220\">\n<ul>\n<li>En general<\/li>\n<li>Tras el entrenamiento<\/li>\n<\/ul>\n<\/td>\n<td>\n<ul>\n<li>Por traumas<\/li>\n<li>Postoperatorios<\/li>\n<\/ul>\n<\/td>\n<\/tr>\n<\/tbody>\n<\/table>\n<p><strong>ENDOCRINOS<\/strong><\/p>\n<table width=\"440\">\n<tbody>\n<tr>\n<td width=\"220\">\n<ul>\n<li>Diabetes mellitus insipidus<\/li>\n<li>Enfermedad de Addison<\/li>\n<\/ul>\n<\/td>\n<td>\n<ul>\n<li>Enfermedad de Cushing<\/li>\n<li>Hiper e hipotiroidismo<\/li>\n<\/ul>\n<\/td>\n<\/tr>\n<\/tbody>\n<\/table>\n<p><strong>FIEBRE<\/strong><\/p>\n<p>Cuando es de origen desconocido para aliviar los s\u00edntomas (temporalmente)<\/p>\n<p><strong>HEPATICOS<\/strong><\/p>\n<table width=\"440\">\n<tbody>\n<tr>\n<td width=\"220\">\n<ul>\n<li>Hepatitis<\/li>\n<li>Lipidosis hep\u00e1tica<\/li>\n<\/ul>\n<\/td>\n<td>\n<ul>\n<li>Colangiohepatitis<\/li>\n<\/ul>\n<\/td>\n<\/tr>\n<\/tbody>\n<\/table>\n<p><strong>HEMATOLOGICOS<\/strong><\/p>\n<table width=\"440\">\n<tbody>\n<tr>\n<td width=\"220\">\n<ul>\n<li>Anemia<\/li>\n<li>Leucopenia<\/li>\n<\/ul>\n<\/td>\n<td>\n<ul>\n<li>Trombocitopenia<\/li>\n<\/ul>\n<\/td>\n<\/tr>\n<\/tbody>\n<\/table>\n<p><strong>INMUNOLOGICOS<\/strong><\/p>\n<table width=\"494\">\n<tbody>\n<tr>\n<td width=\"220\">\n<ul>\n<li>Poliartritis inmunomediada<\/li>\n<li>Anemia hemol\u00edtica inmunomediada<\/li>\n<\/ul>\n<\/td>\n<td>\n<ul>\n<li>Lupus eritematoso discoide,sistemico<\/li>\n<li>Inmunodeficiencia<\/li>\n<\/ul>\n<\/td>\n<\/tr>\n<\/tbody>\n<\/table>\n<p><strong>ENFERMEDAD GASTROINTESTINAL<\/strong><\/p>\n<table width=\"521\">\n<tbody>\n<tr>\n<td width=\"220\">\n<ul>\n<li>Gingivitis<\/li>\n<li>Diarrea<\/li>\n<li>Vomitos<\/li>\n<li>Gastritis<\/li>\n<li>Prolapso rectal<\/li>\n<\/ul>\n<\/td>\n<td>\n<ul>\n<li>Megaesofago, Megacolon<\/li>\n<li>IBD enfermedad inflamatoria intestinal<\/li>\n<li>Estre\u00f1imiento<\/li>\n<li>Ulceras g\u00e1stricas<\/li>\n<li>Ascitis<\/li>\n<\/ul>\n<\/td>\n<\/tr>\n<\/tbody>\n<\/table>\n<p><strong>MUSCULOESQUELETICOS TENDINOSOS LIGAMENTOSOS<\/strong><\/p>\n<table width=\"545\">\n<tbody>\n<tr>\n<td width=\"220\">\n<ul>\n<li>Displasia de cadera<\/li>\n<li>Rehabilitaci\u00f3n postoperatoria<\/li>\n<li>Miositis<\/li>\n<li>Cojeras cr\u00f3nicas sin diagnosticar<\/li>\n<li>S\u00edndrome de Wobbler<\/li>\n<li>Osteocondritis<\/li>\n<li>Luxaci\u00f3n patelar<\/li>\n<\/ul>\n<\/td>\n<td>\n<ul>\n<li>Enfermedad articular degenerativa<\/li>\n<li>Dolor cr\u00f3nico o agudo de espalda ,del sacro , espinal<\/li>\n<li>Tendinitis desgarros parciales de ligamentos craneal<\/li>\n<li>Ayuda a curar fracturas \u00f3seas<\/li>\n<li>Espondilosis<\/li>\n<li>Atrofia muscular<\/li>\n<\/ul>\n<\/td>\n<\/tr>\n<\/tbody>\n<\/table>\n<p><strong>NEUROLOGICOS<\/strong><\/p>\n<table width=\"440\">\n<tbody>\n<tr>\n<td width=\"220\">\n<ul>\n<li>Enfermedad de disco IVVD<\/li>\n<li>Da\u00f1os en la medula espinal<\/li>\n<li>Traumas craneales<\/li>\n<li>Embolismo fibrocartilaginoso<\/li>\n<li>Compresi\u00f3n de los nervios lumbares<\/li>\n<\/ul>\n<\/td>\n<td>\n<ul>\n<li>Neuropat\u00edas<\/li>\n<li>S\u00edndrome vestibular<\/li>\n<li>Par\u00e1lisis facial<\/li>\n<li>Infecciones como moquillo<\/li>\n<li>Epilepsia<\/li>\n<\/ul>\n<\/td>\n<\/tr>\n<\/tbody>\n<\/table>\n<p><strong>OCULARES<\/strong><\/p>\n<table width=\"440\">\n<tbody>\n<tr>\n<td width=\"220\">\n<ul>\n<li>Ulceras corn\u00e9ales<\/li>\n<li>Conjuntivitis<\/li>\n<\/ul>\n<\/td>\n<td>\n<ul>\n<li>Ojo seco<\/li>\n<\/ul>\n<\/td>\n<\/tr>\n<\/tbody>\n<\/table>\n<p><strong>RENALES Y UROLOGICOS<\/strong><\/p>\n<table width=\"517\">\n<tbody>\n<tr>\n<td width=\"220\">\n<ul>\n<li>Insuficiencia renal aguda y cr\u00f3nica<\/li>\n<li>Infecciones del tracto urinario<\/li>\n<li>Incontinencia urinaria<\/li>\n<\/ul>\n<\/td>\n<td>\n<ul>\n<li>Cristales en vejiga ri\u00f1\u00f3n y tracto urinario<\/li>\n<li>Cistitis<\/li>\n<\/ul>\n<\/td>\n<\/tr>\n<\/tbody>\n<\/table>\n<p><strong>RESPIRATORIOS<\/strong><\/p>\n<table width=\"556\">\n<tbody>\n<tr>\n<td width=\"220\">\n<ul>\n<li>Sinusitis<\/li>\n<li>Asma felina<\/li>\n<li>Bronquitis<\/li>\n<li>Alergias<\/li>\n<\/ul>\n<\/td>\n<td>\n<ul>\n<li>Tos cr\u00f3nica que no responde al tratamiento<\/li>\n<li>Infecciones respiratorias<\/li>\n<li>Estornudos y descarga nasal en gatos<\/li>\n<li>Enfermedad pulmonar obstructiva<\/li>\n<\/ul>\n<\/td>\n<\/tr>\n<\/tbody>\n<\/table>\n<p><strong>REPRODUCTIVOS<\/strong><\/p>\n<table width=\"478\">\n<tbody>\n<tr>\n<td width=\"220\">\n<ul>\n<li>Infertilidad<\/li>\n<li>Pseudo gestaci\u00f3n<\/li>\n<li>Problemas en los estros, anestros<\/li>\n<li>Problemas al nacimiento<\/li>\n<\/ul>\n<\/td>\n<td>\n<ul>\n<li>Quistes ov\u00e1ricos<\/li>\n<li>Mastitis<\/li>\n<li>Falta de libido<\/li>\n<li>Incontinencia tras la esterilizaci\u00f3n<\/li>\n<\/ul>\n<\/td>\n<\/tr>\n<\/tbody>\n<\/table>\n<p><strong>COMPORTAMIENTO<\/strong><\/p>\n<p>Trata problemas de comportamiento porque trata la mente, as\u00ed condiciones como miedo excesivo, insomnio, agresividad, ansiedad por separaci\u00f3n son diagnosticados como desequilibrios y tratados,las hierbas funcionan muy bien en estos casos, en este tipo de problemas se debe usar junto con otras terapias.<\/p>\n<p><strong>CANCER<\/strong><\/p>\n<p>Es la causa de muerte de muchos de nuestros perros y gatos hoy en d\u00eda.<\/p>\n<p>Existen distintas opiniones con respecto al tratamiento del c\u00e1ncer con acupuntura ya que aumenta el flujo sangu\u00edneo de la zona punturada ,aunque los \u00faltimos estudios dicen que estimula el sistema inmune ayudando al cuerpo a sanarse.<\/p>\n<p>Seg\u00fan Huisheng Xie, DVM, MS, PhD, Assistant Clinical Professor, University of Florida, College of Veterinary Medicine combinando las distintas ramas de la TCM(acupuntura, hierbas,terapia de la alimentaci\u00f3n, masaje Tuina) podemos mejorar la calidad de vida del paciente, manteni\u00e9ndolos mas vitales, estimulando el sistema inmune, y atacando al tumor. Sus publicaciones cient\u00edficas sobre herbolog\u00eda china para atacar al c\u00e1ncer en animales son muy esperanzadoras.<\/p>\n<p>Are Sime\u00f3n Thoresen DVM ha desarrollado una t\u00e9cnica de acupuntura en c\u00e1ncer para personas y animales los resultados son estad\u00edsticamente buenos.<\/p>\n<p>Tambi\u00e9n la acupuntura puede ayudar a mitigar los efectos adversos de la quimioterapia.<\/p>\n<p><strong>PREVENTIVA<\/strong><\/p>\n<p>Al equilibrar el cuerpo se puede aplicar para prevenir enfermedades en animales aparentemente sanos ya que puede haber desequilibrios que no vemos pero que podr\u00edan convertirse en una enfermedad en el futuro.<\/p>\n<p><strong>DEPORTISTAS<\/strong><\/p>\n<p>La acupuntura puede ayudar a mantener la forma f\u00edsica de animales deportistas (agility fresbee), mantener energ\u00eda a buen nivel, evitar lesiones o actuar r\u00e1pidamente ante cualquier se\u00f1al de ellas, disminuir el stress de la competici\u00f3n viajes exhibiciones.<\/p>\n<p><strong>ANIMALES MAYORES Y GERIATRICOS<\/strong><\/p>\n<p>Empezar a tratarlos pronto cuando aparecen los primeros s\u00edntomas de enfermedad en forma preventiva es muy importante, en cuanto veamos que existen dolores cansancio u otros s\u00edntomas.<\/p>\n<p>En animales geri\u00e1tricos en los que problemas como la disminuci\u00f3n de la funcionalidad de su organismo baja vitalidad ganancia o perdida de peso la meta es mejorar la calidad de vida mas que curar la enfermedad intentando disminuir los posibles cambios asociados a la edad como: cambios metab\u00f3licos , disfunciones intestinales como disminuci\u00f3n de la absorci\u00f3n ,cambios en la actividad enzim\u00e1tica, alteraciones circulatorias, perdida de la masa muscular alteraciones del comportamiento..<\/p>\n<h2>PRECAUCIONES Y CONTRAINDICACIONES DE LA ACUPUNTURA<\/h2>\n<p>Seg\u00fan el doctor Huisheng Xie entre otras precauciones est\u00e1n:<\/p>\n<p><strong>CONDICIONES DE LA PIEL<\/strong><br \/>\nNo se deben punturar zonas de la piel da\u00f1ada o tumores directamente.<\/p>\n<p><strong>TRAS EL ENTRENAMIENTO<\/strong><br \/>\nSi ha practicado deporte, se debe esperar a que el animal se calme durante el tiempo que sea necesario antes de aplicarle el tratamiento.<\/p>\n<p><strong>PACIENTES MUY DEBILES<\/strong><br \/>\nSe recomienda usar pocas agujas y poco tiempo en pacientes extremadamente d\u00e9biles, avisar a los due\u00f1os de pacientes que vayan a pasar al otro lado que, tras el tratamiento pueden mejorar y despu\u00e9s irse sin dolor y reconfortados.<\/p>\n<p><strong>HEMBRAS PRE\u00d1ADAS<\/strong><br \/>\nEn caso de hembras pre\u00f1adas se aconseja extremar la precauci\u00f3n con el tratamiento, no se debe punturar alrededor del abdomen, zona lumbosacra, solo utilanzo puntos seguros, (si es posible puede practicar acupuntura utilizando puntos seguros, se pueden prevenir los abortos especialmente con hierbas al momento del parto existen puntos de ayuda cuando el feto viene bien colocado).<\/p>\n<h2>CONTRAINDICACIONES DE LA ELECTROACUPUNTURA<\/h2>\n<p>Es aconsejable tener precauci\u00f3n con:<\/p>\n<ul style=\"color: black;\">\n<li>Pacientes extremadamente d\u00e9biles<\/li>\n<li>Problemas cardiacos especialmente con problemas de conducci\u00f3n<\/li>\n<li>Epilepsia<\/li>\n<li>Tumores<\/li>\n<\/ul>\n<h2>PRECAUCIONES Y CONTRAINDICACIONES DE LAS HIERBAS CHINAS<\/h2>\n<p>Seg\u00fan Madeleine Yamate publica en su articulo Veterinary acupuncture and Chinese herbs: Clinical applications and contraindications Proceedings.<\/p>\n<p>Hay patolog\u00edas para las que la medicina convencional practicada por los veterinarios cl\u00ednicos debe ser la primera elecci\u00f3n siempre, como las condiciones agudas y aquellas derivadas a cirug\u00eda como fracturas \u00f3seas pnemotorax c\u00f3licos pi\u00f3metras extirpaci\u00f3n de masas tumorales, aunque; tras este tratamiento o cirug\u00eda podemos aplicar Medicina Tradicinal China para acelerar la curaci\u00f3n, quitar el dolor, calmar al paciente, la integraci\u00f3n de la dos medicinas ser\u00e1 lo optimo para el paciente.<br \/>\nCon respecto a las hierbas la doctora Madeleine Yamate ha estudiado algunas publicaciones en ingles que hablan de las precauciones que hay que tener con las hierbas chinas.<\/p>\n<p><strong>INTERACCIONES ENTRE LAS HIERBAS Y LOS MEDICAMENTOS<\/strong><\/p>\n<p>En pacientes tratados con medicamentos para la hipertensi\u00f3n, epilepsia diabetes, usar las hierbas con efecto simp\u00e1ticomimetico como Ephedra Ma Huan con precauci\u00f3n.<\/p>\n<p>Las hierbas chinas que activan la circulaci\u00f3n como Radix Angelicae Sinensis Dan Hui pueden sumar su efecto a anticoagulantes como la aspirina produciendo hemorragias.<\/p>\n<p>La insulina mas hierbas que bajan la glucosa como Atractylodes Cang Zhu pueden sumar sus efectos produciendo hipoglucemia.<\/p>\n<p>Hierbas con efecto diur\u00e9tico como Polyporus Zhu Ling, sumadas a diur\u00e9ticos pueden bajar mucho la tensi\u00f3n.<\/p>\n<p><strong>QUIMIOTERAPIA<\/strong><\/p>\n<p>Se recomienda parar las hierbas 3 d\u00edas antes de la quimioterapia y empezar 3 d\u00edas despu\u00e9s de la misma ya que las hierbas chinas son potentes antioxidantes que pueden interferir en los efectos de estos medicamentos.<\/p>\n<p><strong>PROCESOS DE ABSORCION METABOLICOS Y DE ELIMINACION<\/strong><\/p>\n<p>Como las hierbas se absorben se metabolizan y se eliminan en el organismo. La absorci\u00f3n disminuye si cambia el ph g\u00e1strico por Ej. sucralfato necesitando aumentar la dosis de hierbas.<\/p>\n<p>Metabolismo, al dar junto con medicamentos que aumentan el metabolismo hep\u00e1tico se necesitar\u00e1 aumentar la dosis ya que har\u00e1 que las hierbas se metabolicen antes y disminuya el tiempo de actividad en el organismo.<\/p>\n<p>Si existe da\u00f1o en el metabolismo hep\u00e1tico hay que disminuir la dosis herbal para evitar el acumulo de las sustancias activas herbales en el cuerpo por un metabolismo mas lento.<\/p>\n<p>Eliminaci\u00f3n, siempre que exista da\u00f1o en la funci\u00f3n renal disminuir la dosis de hierbas as\u00ed como si se est\u00e1n aplicando al tiempo medicamentos como la gentamicina.<\/p>\n<p><strong>HEMBRAS PRE\u00d1ADAS<\/strong><\/p>\n<p>Las hierbas que regulan el QI ,mueven la sangre su direcci\u00f3n de actuaci\u00f3n es de arriba hacia abajo se deben evitar.<\/p>\n<p><strong>PACIENTES GERIATRICOS O MUY DEBILES<\/strong><\/p>\n<p>Se recomienda bajar las dosis y actuar con precauci\u00f3n.<\/p>\n<p><strong>CIRUGIAS<\/strong><\/p>\n<p>La hierbas que vigorizan la sangre nuca deben ser utilizadas antes de una cirug\u00eda.<\/p>\n<p><strong>Bibliograf\u00eda de Acupuntura y Aplicaciones<\/strong><\/p>\n<ul>\n<li>Acupuncture training Program Chi Institute. Shen Huisheng Xie, DVM, PhD. Roger Clemmons, DVM, Ph. D, CVA. Madeline Yamate, DVM, CVA, MBA<\/li>\n<li>Xie\u2019s Veterinary Acupuncture. Huisheng Xie, DVM PhD and Vanessa Preast<\/li>\n<li>Xie\u00b4s Chinese Veterinary Herboloy. Huisheng Xie, DVM PhD and Vanessa Preast<\/li>\n<li>Herbology Introduction Chi Institute Dr.Huxeing Xie 2008<\/li>\n<li>Chinese Veterinary Herbal Handbook. Huisheng Xie, DVM PhD and Vanessa Preast.Wen Liu ,PhD<\/li>\n<li>Articles by Madeline S. Yamate, MBA, DVM, CVA. Madeline S. Yamate, MBA, DVM, CVA CVC in Baltimor Proceedings 2009<\/li>\n<li>Lindsay A. Wedemeyer MA VetMB CVA CVH MRCVS Ebooks Acupuncture for dogs,cats and horses A guide for all owners<\/li>\n<li>American Journal of Traditional Chinese Veterinary Medicine (AJTCVM)<\/li>\n<li>Are Simeon Thoresen DVM Interim Clinical Results on Acupuncture in Cancer Treatment<\/li>\n<li>Ancient Art to modern Medicine Veterinary acupuntura By Allen M.Shoen DVM,MS<\/li>\n<\/ul>\n","protected":false},"excerpt":{"rendered":"<p>La acupuntura es aplicable en algunas condiciones mejor que en otras, as\u00ed funciona especialmente cuando existe un desequilibrio de \u00f3rganos, tejidos, m\u00fasculos pero estructuralmente estos est\u00e1n bien, esto abarca muchas de las condiciones que nos encontramos en perros y gatos. Cuando existe da\u00f1o estructural es menos aplicable. Se pueden tratar una gran variedad de condiciones:&nbsp;<a href=\"https:\/\/www.acupunturaveterinaria.es\/?page_id=102\" class=\"read-more\">Continue Reading<\/a><\/p>\n","protected":false},"author":1,"featured_media":0,"parent":0,"menu_order":0,"comment_status":"open","ping_status":"open","template":"","meta":{"footnotes":""},"class_list":["post-102","page","type-page","status-publish","hentry"],"_links":{"self":[{"href":"https:\/\/www.acupunturaveterinaria.es\/index.php?rest_route=\/wp\/v2\/pages\/102","targetHints":{"allow":["GET"]}}],"collection":[{"href":"https:\/\/www.acupunturaveterinaria.es\/index.php?rest_route=\/wp\/v2\/pages"}],"about":[{"href":"https:\/\/www.acupunturaveterinaria.es\/index.php?rest_route=\/wp\/v2\/types\/page"}],"author":[{"embeddable":true,"href":"https:\/\/www.acupunturaveterinaria.es\/index.php?rest_route=\/wp\/v2\/users\/1"}],"replies":[{"embeddable":true,"href":"https:\/\/www.acupunturaveterinaria.es\/index.php?rest_route=%2Fwp%2Fv2%2Fcomments&post=102"}],"version-history":[{"count":22,"href":"https:\/\/www.acupunturaveterinaria.es\/index.php?rest_route=\/wp\/v2\/pages\/102\/revisions"}],"predecessor-version":[{"id":311,"href":"https:\/\/www.acupunturaveterinaria.es\/index.php?rest_route=\/wp\/v2\/pages\/102\/revisions\/311"}],"wp:attachment":[{"href":"https:\/\/www.acupunturaveterinaria.es\/index.php?rest_route=%2Fwp%2Fv2%2Fmedia&parent=102"}],"curies":[{"name":"wp","href":"https:\/\/api.w.org\/{rel}","templated":true}]}}